{"id":312,"date":"2023-11-08T15:59:55","date_gmt":"2023-11-08T13:59:55","guid":{"rendered":"https:\/\/mesocosmetic.dk\/?post_type=product&#038;p=312"},"modified":"2023-11-08T15:59:55","modified_gmt":"2023-11-08T13:59:55","slug":"mesoterapi-nalefri","status":"publish","type":"product","link":"https:\/\/mesocosmetic.dk\/da\/product\/mesoterapi-nalefri\/","title":{"rendered":"Mesoterapi n\u00e5lefri"},"content":{"rendered":"","protected":false},"excerpt":{"rendered":"<p>Infusion, Vioras Electro-Mesotherapy-enhed, leverer en ikke- non-invasiv, n\u00e5lefri opl\u00f8sning til overlegen transdermal levering af topikaler med aktive staffer. Du vil nyde fordelene ved sikre, umiddelbart synlige resultater og revitaliseret og forfrisket hud. Med maksimal cellul\u00e6r penetration kan infusionsbehandlinger ogs\u00e5 gives sammen med andre medicinske \u00e6stetiske procedurer.<\/p>\n<p>Infusionsansigtsopl\u00f8sninger:<br \/>\n\u2714\ufe0fIntensiv hydrering \u2013 Plejer og fugter t\u00f8r hud for at forhindre tegn p\u00e5 for tidlig aldring af huden<br \/>\n\u2714\ufe0fCollagen Booster \u2013 L\u00f8fter og opstrammer huden for ikke-kirurgiske l\u00f8fteresultater<br \/>\n\u2714\ufe0fAnti-Rynke &amp; Lifting \u2013 Forbedrer hudtonen og fastheden for elastisk, hud med et ungdommeligt udseende.<br \/>\n\u2714\ufe0f Reducerer cellulite.<\/p>\n<p>\u2605 Klippekort for 3 x behandlinger pris kr.2.000,-<\/p>\n","protected":false},"featured_media":305,"template":"","meta":{"inline_featured_image":false},"product_brand":[],"product_cat":[18,19],"product_tag":[],"class_list":{"0":"post-312","1":"product","2":"type-product","3":"status-publish","4":"has-post-thumbnail","6":"product_cat-ansigtsbehandlinger","7":"product_cat-kropsbehandlinger","8":"latest_post","10":"first","11":"instock","12":"shipping-taxable","13":"product-type-external"},"jetpack_sharing_enabled":true,"_links":{"self":[{"href":"https:\/\/mesocosmetic.dk\/da\/wp-json\/wp\/v2\/product\/312","targetHints":{"allow":["GET"]}}],"collection":[{"href":"https:\/\/mesocosmetic.dk\/da\/wp-json\/wp\/v2\/product"}],"about":[{"href":"https:\/\/mesocosmetic.dk\/da\/wp-json\/wp\/v2\/types\/product"}],"wp:featuredmedia":[{"embeddable":true,"href":"https:\/\/mesocosmetic.dk\/da\/wp-json\/wp\/v2\/media\/305"}],"wp:attachment":[{"href":"https:\/\/mesocosmetic.dk\/da\/wp-json\/wp\/v2\/media?parent=312"}],"wp:term":[{"taxonomy":"product_brand","embeddable":true,"href":"https:\/\/mesocosmetic.dk\/da\/wp-json\/wp\/v2\/product_brand?post=312"},{"taxonomy":"product_cat","embeddable":true,"href":"https:\/\/mesocosmetic.dk\/da\/wp-json\/wp\/v2\/product_cat?post=312"},{"taxonomy":"product_tag","embeddable":true,"href":"https:\/\/mesocosmetic.dk\/da\/wp-json\/wp\/v2\/product_tag?post=312"}],"curies":[{"name":"wp","href":"https:\/\/api.w.org\/{rel}","templated":true}]}}