{"id":308,"date":"2023-11-08T15:52:18","date_gmt":"2023-11-08T13:52:18","guid":{"rendered":"https:\/\/mesocosmetic.dk\/?post_type=product&#038;p=308"},"modified":"2023-11-08T15:56:21","modified_gmt":"2023-11-08T13:56:21","slug":"microdermabrasion-pristine","status":"publish","type":"product","link":"https:\/\/mesocosmetic.dk\/da\/product\/microdermabrasion-pristine\/","title":{"rendered":"Microdermabrasion Pristine"},"content":{"rendered":"","protected":false},"excerpt":{"rendered":"<div dir=\"auto\">\n<div dir=\"auto\">\n<div>\n<div dir=\"auto\">Oplev The Power Of Pristine. Vioras pristine microdermabrasion-enhed bruger diamantspidser (vs. krystaller) til forsigtigt at eksfoliere huden og give den utrolige, sunde gl\u00f8d! Diamond-peeling mikrodermabrasion er ikke-invasiv, og mens den eksfolierer huden, simulerer den ogs\u00e5 kollagenv\u00e6kst. Det ultimative inden for mikrodermabrasion, behandlinger tager eksfoliering til n\u00e6ste niveau med \u00e6gte lasersk\u00e5rne diamantspidser til behandling af ansigt og krop. Fjern de d\u00f8de hudceller v\u00e6k for at afd\u00e6kke frisk, klar og forynget hud uden smerte eller nedetid. Ved at bruge forskellige diamantspidser bruger Pristine Viora det fulde omfang af \u00e6stetiske muligheder, herunder behandlinger til tynd, f\u00f8lsom hud, ru hudzoner og sv\u00e6rt tilg\u00e6ngelige omr\u00e5der. Eksfoliering fremmer cellefornyelse. Der er ingen nedetid, og du vil blive bl\u00e6st bagover af resultater, is\u00e6r dagen efter.<\/div>\n<div dir=\"auto\"><\/div>\n<div dir=\"auto\">Fordele:<\/div>\n<div dir=\"auto\">\n<div dir=\"auto\"><img decoding=\"async\" class=\"an1\" src=\"https:\/\/fonts.gstatic.com\/s\/e\/notoemoji\/15.0\/2714_fe0f\/32.png\" alt=\"\u2714\ufe0f\" data-emoji=\"\u2714\ufe0f\" aria-label=\"\u2714\ufe0f\" \/>\u00a0Sikker og effektiv til ansigt og krop.<\/div>\n<div dir=\"auto\"><img decoding=\"async\" class=\"an1\" src=\"https:\/\/fonts.gstatic.com\/s\/e\/notoemoji\/15.0\/2714_fe0f\/32.png\" alt=\"\u2714\ufe0f\" data-emoji=\"\u2714\ufe0f\" aria-label=\"\u2714\ufe0f\" \/>\u00a0Smertefri og ingen nedetid.<\/div>\n<div dir=\"auto\">\u00a0<img decoding=\"async\" class=\"an1\" src=\"https:\/\/fonts.gstatic.com\/s\/e\/notoemoji\/15.0\/2714_fe0f\/32.png\" alt=\"\u2714\ufe0f\" data-emoji=\"\u2714\ufe0f\" aria-label=\"\u2714\ufe0f\" \/>Hygiejnisk og allergivenlig.<\/div>\n<div dir=\"auto\">\u00a0<img decoding=\"async\" class=\"an1\" src=\"https:\/\/fonts.gstatic.com\/s\/e\/notoemoji\/15.0\/2714_fe0f\/32.png\" alt=\"\u2714\ufe0f\" data-emoji=\"\u2714\ufe0f\" aria-label=\"\u2714\ufe0f\" \/>Umiddelbart synlig resultat fra den allerf\u00f8rste behandling.<\/div>\n<div dir=\"auto\"><\/div>\n<\/div>\n<\/div>\n<\/div>\n<\/div>\n<div dir=\"auto\">\n<div dir=\"auto\">\n<div dir=\"auto\">\u2605 Klippekort for 3 x behandlinger pris kr.1.200,-<\/div>\n<\/div>\n<\/div>\n","protected":false},"featured_media":304,"template":"","meta":{"inline_featured_image":false},"product_brand":[],"product_cat":[18],"product_tag":[],"class_list":{"0":"post-308","1":"product","2":"type-product","3":"status-publish","4":"has-post-thumbnail","6":"product_cat-ansigtsbehandlinger","7":"latest_post","9":"first","10":"instock","11":"shipping-taxable","12":"product-type-external"},"jetpack_sharing_enabled":true,"_links":{"self":[{"href":"https:\/\/mesocosmetic.dk\/da\/wp-json\/wp\/v2\/product\/308","targetHints":{"allow":["GET"]}}],"collection":[{"href":"https:\/\/mesocosmetic.dk\/da\/wp-json\/wp\/v2\/product"}],"about":[{"href":"https:\/\/mesocosmetic.dk\/da\/wp-json\/wp\/v2\/types\/product"}],"wp:featuredmedia":[{"embeddable":true,"href":"https:\/\/mesocosmetic.dk\/da\/wp-json\/wp\/v2\/media\/304"}],"wp:attachment":[{"href":"https:\/\/mesocosmetic.dk\/da\/wp-json\/wp\/v2\/media?parent=308"}],"wp:term":[{"taxonomy":"product_brand","embeddable":true,"href":"https:\/\/mesocosmetic.dk\/da\/wp-json\/wp\/v2\/product_brand?post=308"},{"taxonomy":"product_cat","embeddable":true,"href":"https:\/\/mesocosmetic.dk\/da\/wp-json\/wp\/v2\/product_cat?post=308"},{"taxonomy":"product_tag","embeddable":true,"href":"https:\/\/mesocosmetic.dk\/da\/wp-json\/wp\/v2\/product_tag?post=308"}],"curies":[{"name":"wp","href":"https:\/\/api.w.org\/{rel}","templated":true}]}}