{"id":198,"date":"2023-10-18T12:02:22","date_gmt":"2023-10-18T10:02:22","guid":{"rendered":"https:\/\/mesocosmetic.dk\/?post_type=product&#038;p=198"},"modified":"2023-10-18T12:10:07","modified_gmt":"2023-10-18T10:10:07","slug":"cellulitis-appelsinhud-behandling","status":"publish","type":"product","link":"https:\/\/mesocosmetic.dk\/da\/product\/cellulitis-appelsinhud-behandling\/","title":{"rendered":"Cellulitis (appelsinhud) behandling"},"content":{"rendered":"","protected":false},"excerpt":{"rendered":"<p>Bodyslimming maskine kombinerer flere teknologier for at opn\u00e5 det bedste resultat i kampen mod cellulitis.<br \/>\n&#8211; Infrar\u00f8d Lys &#8211; fornyer huden, stimulerer produktion af kollagen, forbedrer bindev\u00e6v og muskler.<br \/>\n&#8211; Radiofrekvenser- virker uden at skade overhuden og ned i underhuden (dermis) og opvarmer det kollagen-v\u00e6v. Dyb i huden f\u00f8les varmen meget behagelig. Hudens overflade Fibrioplastceller producerer nu nye og mere elastiske kollagen-fibre, der forst\u00e6rker hudforyngelse.<br \/>\n&#8211; Vakuum \u2013 lymfe-dr\u00e6nage massage \u2013 fremmer blodcirkulationen i bindev\u00e6vet i huden omr\u00e5det du vil hj\u00e6lpe. Lymfe-dr\u00e6nage er en behandlingsform, der hj\u00e6lper kroppen til at fjerne overskydende v\u00e6ske og affaldsstoffer, der beholdes i adipocytter (subkutant fedt), mere kendt som cellulitis.<br \/>\n&#8211; Rullemassage \u2013 forbedrer blodcirkulationen i huden. Den mekaniske virkning af rullemassage aktiverer processen med lipolyse &#8211; fjernelse af fedtceller. Huden bliver j\u00e6vnet og tonet.<\/p>\n<p>Den maksimale effekt opn\u00e5s efter et forl\u00f8b p\u00e5 8 behandlinger.<br \/>\nCellulitis kan ikke behandles uden sund kost og motion, som supplerer resultater af behandlingen med Bodyslimmimg maskine.<br \/>\nEr du ikke helt sikker p\u00e5, om anti cellulitis behandling med anvendelses Bodyslimming maskiner er noget for dig, s\u00e5 kan du pr\u00f8ve til en pris alle kan v\u00e6re med p\u00e5.<br \/>\nVi tilbyder 1 pr\u00f8vebehandling (10 min.) til 300 kr. til alle f\u00f8rste-gangs kunder.<br \/>\nPriser:<br \/>\nCellulitis 8 x behandlinger 1 omr\u00e5de (mave eller ryg) kr. 3.200,-<br \/>\nCellulitis 8 x behandlinger 2 omr\u00e5der (mave + sider) kr. 3.800,-<br \/>\nCellulitis 8 x behandlinger 4 omr\u00e5der (for-og bagside af l\u00e5r) kr. 5.600,-<\/p>\n","protected":false},"featured_media":172,"template":"","meta":{"inline_featured_image":false},"product_brand":[],"product_cat":[19],"product_tag":[],"class_list":{"0":"post-198","1":"product","2":"type-product","3":"status-publish","4":"has-post-thumbnail","6":"product_cat-kropsbehandlinger","7":"latest_post","9":"first","10":"instock","11":"shipping-taxable","12":"product-type-external"},"jetpack_sharing_enabled":true,"_links":{"self":[{"href":"https:\/\/mesocosmetic.dk\/da\/wp-json\/wp\/v2\/product\/198","targetHints":{"allow":["GET"]}}],"collection":[{"href":"https:\/\/mesocosmetic.dk\/da\/wp-json\/wp\/v2\/product"}],"about":[{"href":"https:\/\/mesocosmetic.dk\/da\/wp-json\/wp\/v2\/types\/product"}],"wp:featuredmedia":[{"embeddable":true,"href":"https:\/\/mesocosmetic.dk\/da\/wp-json\/wp\/v2\/media\/172"}],"wp:attachment":[{"href":"https:\/\/mesocosmetic.dk\/da\/wp-json\/wp\/v2\/media?parent=198"}],"wp:term":[{"taxonomy":"product_brand","embeddable":true,"href":"https:\/\/mesocosmetic.dk\/da\/wp-json\/wp\/v2\/product_brand?post=198"},{"taxonomy":"product_cat","embeddable":true,"href":"https:\/\/mesocosmetic.dk\/da\/wp-json\/wp\/v2\/product_cat?post=198"},{"taxonomy":"product_tag","embeddable":true,"href":"https:\/\/mesocosmetic.dk\/da\/wp-json\/wp\/v2\/product_tag?post=198"}],"curies":[{"name":"wp","href":"https:\/\/api.w.org\/{rel}","templated":true}]}}