{"id":196,"date":"2023-10-18T11:48:24","date_gmt":"2023-10-18T09:48:24","guid":{"rendered":"https:\/\/mesocosmetic.dk\/?post_type=product&#038;p=196"},"modified":"2023-10-18T12:11:11","modified_gmt":"2023-10-18T10:11:11","slug":"cellulit-bodyshock-wrap-behandling","status":"publish","type":"product","link":"https:\/\/mesocosmetic.dk\/da\/product\/cellulit-bodyshock-wrap-behandling\/","title":{"rendered":"Cellulit Bodyshock wrap behandling"},"content":{"rendered":"","protected":false},"excerpt":{"rendered":"<p>Dr\u00f8mmer du om en mere opstrammet og defineret krop uden \u201dappelsinhud\u201d, b\u00f8r du opleve Mesoestetics banebrydende kropsbehandling Bodyshock. Med skr\u00e6ddersyede l\u00f8sninger, effektive ingredienser og avanceret teknologi giver denne behandling dig en mulighed for at m\u00e5lrette problemomr\u00e5der, som lokaliseret fedt, cellulitis, slaphed og str\u00e6km\u00e6rker.<br \/>\nForskellige faktorer s\u00e5som aldring, hormonelle \u00e6ndringer, genetisk disposition og livsstil kan f\u00f8re til \u00e6ndringer i krophudens udseende. De mest almindelige \u00e6ndringer, som mange, is\u00e6r kvinder, oplever, er cellulitis, fedtdepoter, l\u00f8sere hud og str\u00e6km\u00e6rker.<\/p>\n<p>Mesoestetic har udviklet en innovativ behandling afl\u00f8sninger til at h\u00e5ndtere disse krops\u00e6ndringer. Bodyshock-behandlings produkter best\u00e5r af et imponerende udvalg af kropsprodukter med formler, der er skr\u00e6ddersyet til forskellige behov og indikationer.<\/p>\n<p>Flere af produkterne er specielt udviklet til at mindske forekomsten af cellulitis og give dig en fastere og strammerehud. Uanset om du vil mindske synligheden af str\u00e6km\u00e6rker eller behandle omr\u00e5der, hvor huden er blevet mindre modstandsdygtig, s\u00e5 har Bodyshock en passende behandling til dig.<\/p>\n<p>Hvad g\u00f8r Bodyshock-serien s\u00e5 unik?<br \/>\nMesoestetic Bodyshock-behandling skiller sig ud p\u00e5 flere m\u00e5der:<br \/>\nSkr\u00e6ddersyede l\u00f8sninger: Bodyshock-produkter tilbyder en bred vifte af skr\u00e6ddersyede<br \/>\nbehandlingsprogrammer til forskellige behov. Uanset om det er cellulitis, lokaliseret fedt, h\u00e6ngende hud eller str\u00e6km\u00e6rker, har Bodyshock-serien de v\u00e6rkt\u00f8jer, du skal bruge til at opn\u00e5 de resultater, du \u00f8nsker<br \/>\n&#8211; Reducerer volumen<br \/>\n&#8211; Aktiverer fedtstofskifte<br \/>\n&#8211; Fjernelse af overskydende v\u00e6ske<br \/>\n&#8211; \u00d8ger styrken i v\u00e6ggene p\u00e5 blodkarrene<br \/>\n&#8211; Reducerer st\u00f8rrelsen og m\u00e6ngden af fedtceller<br \/>\n&#8211; \u00d8ger hudens elasticitet.<\/p>\n<p>Effektive ingredienser: Produkterne er udviklet med n\u00f8je udvalgte ingredienser, der har en dokumenteret effekt p\u00e5 kroppens problemomr\u00e5der. Aktive ingredienser arbejder i synergi for at levere synlige resultater og forbedre hudens tekstur og fasthed.<br \/>\nNogle af de effektive ingredienser, der findes i Bodyshock-serien er:<br \/>\nL-Carnitin \u2013 Mobiliserer fedt til energi.<br \/>\nDMAE \u2013 Opstrammende virke, forbedrer hudens fasthed og elasticitet.<br \/>\nOrganisk silicium \u2013 Omstrukturering, heling og reparation. Is\u00e6r effektiv mod str\u00e6km\u00e6rker.<br \/>\nCentella asiatica \u2013 Reparerende og beskyttende. Stimulerer v\u00e6vsregenerering.<br \/>\nAvanceret teknologi: Mesoestetic er kendt som en pioner inden for avanceret teknologi og dermatologi og \u00e6stetisk medicin. Bodyshock-serien bruger innovativ teknologi, herunder et transdermalt leveringssystem, som sikrer, at de aktive ingredienser tr\u00e6nger dybt ind i huden for at opn\u00e5 maksimal effekt.<br \/>\nKlinisk Dokumenterede resultater: Produkterne har gennemg\u00e5et grundige kliniske tester for at bekr\u00e6fte deres effektivitet og sikkerhed. Resultaterne viser en signifikant reduktion af cellulitis, forbedring af hudens fasthed og en mere defineret kropskontur hos dem, der har gennemg\u00e5et et behandlingsforl\u00f8b.<br \/>\n\u2605 Klippekort for x 8 behandlinger kr. 6.400,-<\/p>\n","protected":false},"featured_media":170,"template":"","meta":{"inline_featured_image":false},"product_brand":[],"product_cat":[19],"product_tag":[],"class_list":{"0":"post-196","1":"product","2":"type-product","3":"status-publish","4":"has-post-thumbnail","6":"product_cat-kropsbehandlinger","7":"latest_post","9":"first","10":"instock","11":"shipping-taxable","12":"product-type-external"},"jetpack_sharing_enabled":true,"_links":{"self":[{"href":"https:\/\/mesocosmetic.dk\/da\/wp-json\/wp\/v2\/product\/196","targetHints":{"allow":["GET"]}}],"collection":[{"href":"https:\/\/mesocosmetic.dk\/da\/wp-json\/wp\/v2\/product"}],"about":[{"href":"https:\/\/mesocosmetic.dk\/da\/wp-json\/wp\/v2\/types\/product"}],"wp:featuredmedia":[{"embeddable":true,"href":"https:\/\/mesocosmetic.dk\/da\/wp-json\/wp\/v2\/media\/170"}],"wp:attachment":[{"href":"https:\/\/mesocosmetic.dk\/da\/wp-json\/wp\/v2\/media?parent=196"}],"wp:term":[{"taxonomy":"product_brand","embeddable":true,"href":"https:\/\/mesocosmetic.dk\/da\/wp-json\/wp\/v2\/product_brand?post=196"},{"taxonomy":"product_cat","embeddable":true,"href":"https:\/\/mesocosmetic.dk\/da\/wp-json\/wp\/v2\/product_cat?post=196"},{"taxonomy":"product_tag","embeddable":true,"href":"https:\/\/mesocosmetic.dk\/da\/wp-json\/wp\/v2\/product_tag?post=196"}],"curies":[{"name":"wp","href":"https:\/\/api.w.org\/{rel}","templated":true}]}}