{"id":191,"date":"2023-10-18T11:35:24","date_gmt":"2023-10-18T09:35:24","guid":{"rendered":"https:\/\/mesocosmetic.dk\/?post_type=product&#038;p=191"},"modified":"2023-10-18T12:11:47","modified_gmt":"2023-10-18T10:11:47","slug":"skin-biorevitalizing-behandling","status":"publish","type":"product","link":"https:\/\/mesocosmetic.dk\/da\/product\/skin-biorevitalizing-behandling\/","title":{"rendered":"Skin Biorevitalizing behandling"},"content":{"rendered":"","protected":false},"excerpt":{"rendered":"<p>Behandlingen er egnet til b\u00e5de kvinder og m\u00e6nd, som \u00f8nsker at uds\u00e6tte de alderstegne og stramme huden op.<br \/>\nF\u00e5 et friskere og sundere udseende med biorevitalizing skinbooster.<br \/>\nMan kan ikke undg\u00e5, at alderen s\u00e6tter sine pr\u00e6g p\u00e5 huden, og det b\u00f8r man bestemt heller ikke. De sm\u00e5 rynker i ansigtet er en del af ens historie, og de vidner fx om, at man har haft et liv fyldt med smil og grin.<br \/>\nVores naturlige produktion af hyaluronsyre neds\u00e6ttes med alderen, hvilket medf\u00f8rer tab af fugtighed og elasticitet i huden. Skinbooster er til dig, som \u00f8nsker et mere friskt og sundt udseende med bevarelse af dine personlige ansigtstr\u00e6k.<br \/>\nBiorevitalizing skinbooster er en fugtgivende mesobehandling som \u00f8ger hudens kvalitet, fugtniveau og gl\u00f8d.<br \/>\nBehandlingen er desuden hudforyngende, og minimerer fine linjer, rynker, grov hudstruktur og ar.<br \/>\nSkinbooster best\u00e5r af aktive stoffer (vitaminer&amp;proteiner) som er vandbindende og fugter dermed huden indefra. Behandlingen vil medf\u00f8re et naturligt resultat, med en frisk og sund gl\u00f8d. Skinbooster giver ikke volumen til ansigtet og \u00e6ndrer derfor ikke p\u00e5 ansigtets form og mimik.<\/p>\n<p>Priser:<br \/>\nFor 1 x behandling kr. 1.500,-<br \/>\n\u2605Klippekort for 3 x behandlinger 3.500.-<\/p>\n","protected":false},"featured_media":165,"template":"","meta":{"inline_featured_image":false},"product_brand":[],"product_cat":[18],"product_tag":[],"class_list":{"0":"post-191","1":"product","2":"type-product","3":"status-publish","4":"has-post-thumbnail","6":"product_cat-ansigtsbehandlinger","7":"latest_post","9":"first","10":"instock","11":"shipping-taxable","12":"product-type-external"},"jetpack_sharing_enabled":true,"_links":{"self":[{"href":"https:\/\/mesocosmetic.dk\/da\/wp-json\/wp\/v2\/product\/191","targetHints":{"allow":["GET"]}}],"collection":[{"href":"https:\/\/mesocosmetic.dk\/da\/wp-json\/wp\/v2\/product"}],"about":[{"href":"https:\/\/mesocosmetic.dk\/da\/wp-json\/wp\/v2\/types\/product"}],"wp:featuredmedia":[{"embeddable":true,"href":"https:\/\/mesocosmetic.dk\/da\/wp-json\/wp\/v2\/media\/165"}],"wp:attachment":[{"href":"https:\/\/mesocosmetic.dk\/da\/wp-json\/wp\/v2\/media?parent=191"}],"wp:term":[{"taxonomy":"product_brand","embeddable":true,"href":"https:\/\/mesocosmetic.dk\/da\/wp-json\/wp\/v2\/product_brand?post=191"},{"taxonomy":"product_cat","embeddable":true,"href":"https:\/\/mesocosmetic.dk\/da\/wp-json\/wp\/v2\/product_cat?post=191"},{"taxonomy":"product_tag","embeddable":true,"href":"https:\/\/mesocosmetic.dk\/da\/wp-json\/wp\/v2\/product_tag?post=191"}],"curies":[{"name":"wp","href":"https:\/\/api.w.org\/{rel}","templated":true}]}}