{"id":182,"date":"2023-10-18T11:25:06","date_gmt":"2023-10-18T09:25:06","guid":{"rendered":"https:\/\/mesocosmetic.dk\/?post_type=product&#038;p=182"},"modified":"2023-10-18T11:25:06","modified_gmt":"2023-10-18T09:25:06","slug":"dybderens-ansigtsbehandling","status":"publish","type":"product","link":"https:\/\/mesocosmetic.dk\/da\/product\/dybderens-ansigtsbehandling\/","title":{"rendered":"Dybderens ansigtsbehandling"},"content":{"rendered":"","protected":false},"excerpt":{"rendered":"<p>Hvad er en dybderensende ansigtsbehandling?<\/p>\n<p>Dybde rensende ansigtsbehandling er en hudbehandling, som best\u00e5r af flere trin, der kan omfatte eksfoliering ved hj\u00e6lp af apparat-hudslibning, ansigtsmasker, manuel rensning og anvendelse af en r\u00e6kke specielle antibakterielle cremer. Hver kunde f\u00e5r skr\u00e6ddersyet<br \/>\nhudrensningsprogram, som best\u00e5r af de trin, der bliver udvalgt individuelt baseret p\u00e5 kundens hudanalyse.<\/p>\n<p>Selvom det er typisk anbefalet at foretage en ansigtsbehandling hver 4.-6. uge, kan din kosmetolog anbefale dig en anden tidsplan baseret p\u00e5 dine individuelle behov eller bekymringer.<\/p>\n<p>I mange tilf\u00e6lde er der behov for flere behandlinger for at n\u00e5 de \u00f8nskede hudplejem\u00e5l (se menuen Klippekort i online booking). Generelt anbefales der en r\u00e6kke dybderensende<br \/>\nansigtsbehandlinger samt en daglig hudplejekur designet til din hudtype for at give ideelle<br \/>\nresultater.<\/p>\n<p>Priser:<br \/>\nFor 1 x behandling kr. 800,-<br \/>\n\u2605 Klippekort for 3 x behandlinger pris kr.1.500,-<\/p>\n","protected":false},"featured_media":131,"template":"","meta":{"inline_featured_image":false},"product_brand":[],"product_cat":[18],"product_tag":[],"class_list":{"0":"post-182","1":"product","2":"type-product","3":"status-publish","4":"has-post-thumbnail","6":"product_cat-ansigtsbehandlinger","7":"latest_post","9":"first","10":"instock","11":"shipping-taxable","12":"product-type-external"},"jetpack_sharing_enabled":true,"_links":{"self":[{"href":"https:\/\/mesocosmetic.dk\/da\/wp-json\/wp\/v2\/product\/182","targetHints":{"allow":["GET"]}}],"collection":[{"href":"https:\/\/mesocosmetic.dk\/da\/wp-json\/wp\/v2\/product"}],"about":[{"href":"https:\/\/mesocosmetic.dk\/da\/wp-json\/wp\/v2\/types\/product"}],"wp:featuredmedia":[{"embeddable":true,"href":"https:\/\/mesocosmetic.dk\/da\/wp-json\/wp\/v2\/media\/131"}],"wp:attachment":[{"href":"https:\/\/mesocosmetic.dk\/da\/wp-json\/wp\/v2\/media?parent=182"}],"wp:term":[{"taxonomy":"product_brand","embeddable":true,"href":"https:\/\/mesocosmetic.dk\/da\/wp-json\/wp\/v2\/product_brand?post=182"},{"taxonomy":"product_cat","embeddable":true,"href":"https:\/\/mesocosmetic.dk\/da\/wp-json\/wp\/v2\/product_cat?post=182"},{"taxonomy":"product_tag","embeddable":true,"href":"https:\/\/mesocosmetic.dk\/da\/wp-json\/wp\/v2\/product_tag?post=182"}],"curies":[{"name":"wp","href":"https:\/\/api.w.org\/{rel}","templated":true}]}}