{"id":74,"date":"2023-10-15T00:26:00","date_gmt":"2023-10-14T22:26:00","guid":{"rendered":"https:\/\/mesocosmetic.dk\/?page_id=74"},"modified":"2023-10-16T17:07:36","modified_gmt":"2023-10-16T15:07:36","slug":"behandlinger","status":"publish","type":"page","link":"https:\/\/mesocosmetic.dk\/da\/behandlinger\/","title":{"rendered":"Behandlinger"},"content":{"rendered":"\n<div class=\"wp-block-media-text is-stacked-on-mobile\"><figure class=\"wp-block-media-text__media\"><img fetchpriority=\"high\" decoding=\"async\" width=\"987\" height=\"1024\" src=\"https:\/\/mesocosmetic.dk\/wp-content\/uploads\/2023\/10\/IMG_4974-1-987x1024.jpg\" alt=\"\" class=\"wp-image-131 size-full\"\/><\/figure><div class=\"wp-block-media-text__content\">\n<p><\/p>\n\n\n\n<h4 class=\"wp-block-heading\">Dybderens ansigtsbehandling<\/h4>\n\n\n\n<p>Hvad er en dybderensende ansigtsbehandling?<\/p>\n\n\n\n<p>Dybde rensende ansigtsbehandling er en hudbehandling, som best\u00e5r af flere trin, der kan omfatte eksfoliering ved hj\u00e6lp af apparat-hudslibning, ansigtsmasker, manuel rensning og anvendelse af en r\u00e6kke specielle antibakterielle cremer. Hver kunde f\u00e5r skr\u00e6ddersyet<br>hudrensningsprogram, som best\u00e5r af de trin, der bliver udvalgt individuelt baseret p\u00e5 kundens hudanalyse.<\/p>\n\n\n\n<p>Selvom det er typisk anbefalet at foretage en ansigtsbehandling hver 4.-6. uge, kan din kosmetolog anbefale dig en anden tidsplan baseret p\u00e5 dine individuelle behov eller bekymringer.<\/p>\n\n\n\n<p>I mange tilf\u00e6lde er der behov for flere behandlinger for at n\u00e5 de \u00f8nskede hudplejem\u00e5l (se menuen Klippekort i online booking). Generelt anbefales der en r\u00e6kke dybderensende<br>ansigtsbehandlinger samt en daglig hudplejekur designet til din hudtype for at give ideelle<br>resultater.<\/p>\n\n\n\n<p>Priser:<br>For 1 x behandling kr. 800,-<br>\u2605 Klippekort for 3 x behandlinger pris kr.1.500,-<\/p>\n\n\n\n<div class=\"wp-block-buttons is-layout-flex wp-block-buttons-is-layout-flex\">\n<div class=\"wp-block-button\"><a class=\"wp-block-button__link wp-element-button\">Book behandling<\/a><\/div>\n<\/div>\n<\/div><\/div>\n\n\n\n<div class=\"wp-block-media-text is-stacked-on-mobile\"><figure class=\"wp-block-media-text__media\"><img decoding=\"async\" width=\"724\" height=\"1024\" src=\"https:\/\/mesocosmetic.dk\/wp-content\/uploads\/2023\/10\/IMG_4975-724x1024.jpg\" alt=\"\" class=\"wp-image-137 size-full\" srcset=\"https:\/\/mesocosmetic.dk\/wp-content\/uploads\/2023\/10\/IMG_4975-724x1024.jpg 724w, https:\/\/mesocosmetic.dk\/wp-content\/uploads\/2023\/10\/IMG_4975-600x849.jpg 600w, https:\/\/mesocosmetic.dk\/wp-content\/uploads\/2023\/10\/IMG_4975-212x300.jpg 212w, https:\/\/mesocosmetic.dk\/wp-content\/uploads\/2023\/10\/IMG_4975-768x1086.jpg 768w, https:\/\/mesocosmetic.dk\/wp-content\/uploads\/2023\/10\/IMG_4975-1086x1536.jpg 1086w, https:\/\/mesocosmetic.dk\/wp-content\/uploads\/2023\/10\/IMG_4975-42x60.jpg 42w, https:\/\/mesocosmetic.dk\/wp-content\/uploads\/2023\/10\/IMG_4975.jpg 1125w\" sizes=\"(max-width: 724px) 100vw, 724px\" \/><\/figure><div class=\"wp-block-media-text__content\">\n<p><\/p>\n\n\n\n<h4 class=\"wp-block-heading\">Micro-needling ansigts-\/kropsbehandling<\/h4>\n\n\n\n<p>Micro-needling behandling stimuleres huden til genopbygning og kan udf\u00f8res p\u00e5 ansigtet, hals,<br>halsudsk\u00e6ring omr\u00e5de, hovedbund, h\u00e6nder og krop.<br>Behandlingen er egnet til b\u00e5de kvinder og m\u00e6nd, som \u00f8nsker at uds\u00e6tte alderstegnene, og stramme op p\u00e5 sv\u00e6kket og tr\u00e6t hud.<br>Vi tilbyder en gratis konsultation f\u00f8r behandlingen.<br>Micro-needling behandling med serum Mesoestetic g\u00f8r din hud mere j\u00e6vn og giver en flot, naturlig gl\u00f8d.<\/p>\n\n\n\n<p>Hvad g\u00f8r Micro-needling behandling?<br>-Minimerer akne-ar<br>-Hudens cellefornyelse<br>-Booster hudens produktion af kollagen og elastin<br>-Giver en j\u00e6vnere, smukkere hud<br>-Giver fornyet gl\u00f8d og finere struktur i huden<\/p>\n\n\n\n<p>Behandling:<br>Inden selve micro-needling behandlingen begynder p\u00e5f\u00f8res der et udvalgt Mesoestetic Solution serum med aktive stoffer, som passer din hudtype.<br>Metoden virker ved, at man ved hj\u00e6lp af sm\u00e5 n\u00e5le laver mange tusinde mikro-penetreringer i<br>underhuden. Meso-pen \u00e5bner for effektiv optagelse af serum.<br>De mange mikro-penetreringer af huden laver tusindvis af \u201dkanaler\u201d ned i underhuden. Disse<br>\u201dkanaler\u201d g\u00f8r, at de aktive ingredienser tr\u00e6nger igennem i underhuden op til 400 gange mere<br>effektivt end ved almindelig p\u00e5sm\u00f8ring p\u00e5 huden.<br>Behandlingen indeb\u00e6rer ingen risiko for at skade huden og er stort set smertefri, da du lokalbed\u00f8ves med creme p\u00e5 omr\u00e5det, der skal behandles. Mikrohullerne lukkes efter kort tid, og medf\u00f8rer hverken s\u00e5r eller ar. Huden kan v\u00e6re r\u00f8d, som efter en let solskoldning, og f\u00f8les lidt t\u00f8r i de f\u00f8lgende 3-4 dage. Det vil sige, at behandlingen g\u00f8r at cellerne deler sig og fornyer sig i huden, og d\u00e9t forbedrer hudkvaliteten indefra. Det stimulerer nemlig hudens egen produktion af kollagen og elastin og dermed medf\u00f8rer reduktion af rynker, pigmentpletter og grov hudstruktur.<br>Hudfornyelsesprocessen forts\u00e6tter i op til 6 uger efter behandlingen. Det anbefales, at man f\u00e5r 3-5 behandlinger med 14 dage mellemrum for at opn\u00e5 det bedste resultat.<\/p>\n\n\n\n<p>Micro-needling kan bruges \u00e5ret rundt p\u00e5 alle hudtyper. Man skal dog v\u00e6re over 22 \u00e5r.<br>Du skal opleve en dejlige sidegevinst, at din selvtillid vokser, og du f\u00e5r det bedre i din eget skind, n\u00e5r huden i ansigtet bliver flottere og mere j\u00e6vn efter micro-needling.<\/p>\n\n\n\n<p>Efter behandling skal man bruge creme med solfaktor SPF 50% i 5 &#8211; 10 dage.<br>Hudplejeprodukter, der anbefales til at bruge hjemme:<br>Solbeskyttelse creme SPF 50 Mesoestetic<\/p>\n\n\n\n<p>Det er st\u00e6rk anbefalet til at vente med disse aktiviteter og behandlinger efter micro-needling:<\/p>\n\n\n\n<ul class=\"wp-block-list\">\n<li>motion, sv\u00f8mning &#8211; op til 14 dage<\/li>\n\n\n\n<li>kemiske peelinger, Retinol &#8211; 14 dage<\/li>\n\n\n\n<li>laser behandling &#8211; 30 dage<\/li>\n\n\n\n<li>voks, h\u00e5rfjerning eller blegning &#8211; 14 dage<\/li>\n\n\n\n<li>solarier, solbade, varme behandlinger, saunaer, selvbrun &#8211; 14 dage<\/li>\n<\/ul>\n\n\n\n<p>Priser:<\/p>\n\n\n\n<p>For 1 x behandling kr. 1.000,-<br>\u2605Klippekort for 3 x behandlinger kr. 2500,-<\/p>\n\n\n\n<div class=\"wp-block-buttons is-layout-flex wp-block-buttons-is-layout-flex\">\n<div class=\"wp-block-button\"><a class=\"wp-block-button__link wp-element-button\">Book behandling<\/a><\/div>\n<\/div>\n<\/div><\/div>\n","protected":false},"excerpt":{"rendered":"","protected":false},"author":1,"featured_media":0,"parent":0,"menu_order":0,"comment_status":"closed","ping_status":"closed","template":"templates\/service.php","meta":{"inline_featured_image":false,"footnotes":""},"class_list":["post-74","page","type-page","status-publish","hentry","latest_post"],"jetpack_sharing_enabled":true,"_links":{"self":[{"href":"https:\/\/mesocosmetic.dk\/da\/wp-json\/wp\/v2\/pages\/74","targetHints":{"allow":["GET"]}}],"collection":[{"href":"https:\/\/mesocosmetic.dk\/da\/wp-json\/wp\/v2\/pages"}],"about":[{"href":"https:\/\/mesocosmetic.dk\/da\/wp-json\/wp\/v2\/types\/page"}],"author":[{"embeddable":true,"href":"https:\/\/mesocosmetic.dk\/da\/wp-json\/wp\/v2\/users\/1"}],"replies":[{"embeddable":true,"href":"https:\/\/mesocosmetic.dk\/da\/wp-json\/wp\/v2\/comments?post=74"}],"version-history":[{"count":5,"href":"https:\/\/mesocosmetic.dk\/da\/wp-json\/wp\/v2\/pages\/74\/revisions"}],"predecessor-version":[{"id":138,"href":"https:\/\/mesocosmetic.dk\/da\/wp-json\/wp\/v2\/pages\/74\/revisions\/138"}],"wp:attachment":[{"href":"https:\/\/mesocosmetic.dk\/da\/wp-json\/wp\/v2\/media?parent=74"}],"curies":[{"name":"wp","href":"https:\/\/api.w.org\/{rel}","templated":true}]}}